{"id":65,"date":"2021-02-13T09:30:59","date_gmt":"2021-02-13T09:30:59","guid":{"rendered":"https:\/\/www.faayautogroep.nl\/?page_id=65"},"modified":"2021-07-06T06:35:14","modified_gmt":"2021-07-06T06:35:14","slug":"zomerbanden","status":"publish","type":"page","link":"https:\/\/www.faayautogroep.nl\/es\/llantas-de-auto\/neumaticos-de-verano\/","title":{"rendered":"Neum\u00e1ticos de verano"},"content":{"rendered":"<h2 class=\"wp-block-heading\">\u00bfQu\u00e9 es un neum\u00e1tico de verano?<\/h2>\n\n\n\n<p>Se monta un neum\u00e1tico de verano cuando las temperaturas empiezan a subir, normalmente en marzo o abril. As\u00ed que el comienzo de la primavera. A diferencia de los neum\u00e1ticos de invierno, un neum\u00e1tico de verano no tiene laminillas, sino ranuras anchas. Esto garantiza que contin\u00fae conduciendo de manera \u00f3ptima y segura en condiciones de verano.<\/p>\n\n\n\n<div class=\"wp-block-buttons is-content-justification-center is-layout-flex wp-block-buttons-is-layout-flex\">\n<div class=\"wp-block-button has-custom-width wp-block-button__width-50\"><a class=\"wp-block-button__link has-black-color has-luminous-vivid-amber-background-color has-text-color has-background no-border-radius\" href=\"https:\/\/webshop.faayautogroep.nl\/product-category\/banden\/zomerbanden\">Compra tus neum\u00e1ticos de verano<\/a><\/div>\n<\/div>\n\n\n\n<h2 class=\"wp-block-heading\">Hora de los neum\u00e1ticos de verano<\/h2>\n\n\n\n<p>Los neum\u00e1ticos de verano funcionan mejor en condiciones clim\u00e1ticas holandesas normales, clima seco y temperaturas superiores a 7 \u00baC. Estas condiciones meteorol\u00f3gicas suelen darse entre marzo y octubre. \u00bfConduces con neum\u00e1ticos de invierno y hace m\u00e1s de 7 \u00baC? \u00a1Entonces se recomienda cambiar a neum\u00e1ticos de verano!<\/p>\n\n\n\n<h2 class=\"wp-block-heading\">el cambio de neumaticos<\/h2>\n\n\n\n<p>Tan pronto como las temperaturas suban por encima de los 7 grados, es el momento del gran cambio de neum\u00e1ticos en los Pa\u00edses Bajos. Por lo general, esto es en el per\u00edodo alrededor de marzo \/ abril. Luego, los neum\u00e1ticos de invierno se almacenan y los neum\u00e1ticos de verano vuelven a salir. Conducir con neum\u00e1ticos de verano en verano aumenta tanto el confort de conducci\u00f3n como la seguridad de su coche.<\/p>\n\n\n\n<p>Consejo: cambie sus neum\u00e1ticos antes de irse de vacaciones, porque en algunos pa\u00edses est\u00e1 prohibido conducir con neum\u00e1ticos de invierno en verano. Te arriesgas a una fuerte multa.<\/p>\n\n\n\n<h2 class=\"wp-block-heading\">Almacenamiento de neum\u00e1ticos<\/h2>\n\n\n\n<p>Cuando cambie a neum\u00e1ticos de verano, puede guardar sus neum\u00e1ticos de invierno en su garaje. Si no tienes uno o no te queda espacio, tenemos la soluci\u00f3n. Faay Auto Group puede almacenar sus neum\u00e1ticos de verano e invierno hasta que se puedan volver a utilizar.<\/p>\n\n\n\n<h2 class=\"wp-block-heading\">\u00bfPor qu\u00e9 neum\u00e1ticos de verano?<\/h2>\n\n\n\n<p>Cuando hace buen tiempo, el neum\u00e1tico de verano es el neum\u00e1tico m\u00e1s seguro. Un buen neum\u00e1tico de verano proporciona m\u00e1s agarre en la carretera y una distancia de frenado m\u00e1s corta en condiciones clim\u00e1ticas m\u00e1s suaves. Si continuara conduciendo con neum\u00e1ticos de invierno a una temperatura superior a 7 grados, tendr\u00eda una distancia de frenado mucho m\u00e1s larga, lo que le har\u00eda patinar m\u00e1s r\u00e1pido. Naturalmente, esto tiene un efecto sobre la seguridad vial.<\/p>\n\n\n\n<h2 class=\"wp-block-heading\">Profundidad de dibujo para neum\u00e1ticos de verano<\/h2>\n\n\n\n<p>Los neum\u00e1ticos le brindan agarre, una potencia de frenado \u00f3ptima y un buen manejo. La profundidad de la banda de rodadura de los neum\u00e1ticos de verano juega un papel importante en esto. Cuando compra neum\u00e1ticos de verano nuevos, la profundidad del dibujo es de unos 8 mm. La profundidad m\u00ednima de la banda de rodadura exigida legalmente es de 1,6 mm. Recomendamos reemplazar sus neum\u00e1ticos de verano con una profundidad de dibujo de 2 mm o menos. Entonces sabr\u00e1s con certeza que est\u00e1s en el lugar correcto.<\/p>\n\n\n\n<div class=\"wp-block-buttons is-content-justification-center is-layout-flex wp-block-buttons-is-layout-flex\">\n<div class=\"wp-block-button has-custom-width wp-block-button__width-50\"><a class=\"wp-block-button__link has-black-color has-luminous-vivid-amber-background-color has-text-color has-background no-border-radius\" href=\"https:\/\/webshop.faayautogroep.nl\/product-category\/banden\/zomerbanden\">Compra tus neum\u00e1ticos de verano<\/a><\/div>\n<\/div>","protected":false},"excerpt":{"rendered":"<p>Wat is een zomerband? Een zomerband wordt geplaatst als de temperaturen beginnen op te lopen, meestal in maart of april. Het begin van de lente dus. Een zomerband heeft in tegenstelling tot winterbanden geen lamellen, maar brede sleuven. Dat zorgt ervoor dat je optimaal en veilig door blijft rijden in zomerse omstandigheden. Tijd voor zomerbanden [&hellip;]<\/p>\n","protected":false},"author":1,"featured_media":19264,"parent":41,"menu_order":0,"comment_status":"closed","ping_status":"closed","template":"template-parts\/page-template-full-width.php","meta":{"_uag_custom_page_level_css":"","site-sidebar-layout":"default","site-content-layout":"","ast-site-content-layout":"default","site-content-style":"default","site-sidebar-style":"default","ast-global-header-display":"","ast-banner-title-visibility":"","ast-main-header-display":"","ast-hfb-above-header-display":"","ast-hfb-below-header-display":"","ast-hfb-mobile-header-display":"","site-post-title":"","ast-breadcrumbs-content":"","ast-featured-img":"","footer-sml-layout":"","ast-disable-related-posts":"","theme-transparent-header-meta":"","adv-header-id-meta":"","stick-header-meta":"","header-above-stick-meta":"","header-main-stick-meta":"","header-below-stick-meta":"","astra-migrate-meta-layouts":"default","ast-page-background-enabled":"default","ast-page-background-meta":{"desktop":{"background-color":"","background-image":"","background-repeat":"repeat","background-position":"center center","background-size":"auto","background-attachment":"scroll","background-type":"","background-media":"","overlay-type":"","overlay-color":"","overlay-opacity":"","overlay-gradient":""},"tablet":{"background-color":"","background-image":"","background-repeat":"repeat","background-position":"center center","background-size":"auto","background-attachment":"scroll","background-type":"","background-media":"","overlay-type":"","overlay-color":"","overlay-opacity":"","overlay-gradient":""},"mobile":{"background-color":"","background-image":"","background-repeat":"repeat","background-position":"center center","background-size":"auto","background-attachment":"scroll","background-type":"","background-media":"","overlay-type":"","overlay-color":"","overlay-opacity":"","overlay-gradient":""}},"ast-content-background-meta":{"desktop":{"background-color":"var(--ast-global-color-5)","background-image":"","background-repeat":"repeat","background-position":"center center","background-size":"auto","background-attachment":"scroll","background-type":"","background-media":"","overlay-type":"","overlay-color":"","overlay-opacity":"","overlay-gradient":""},"tablet":{"background-color":"var(--ast-global-color-5)","background-image":"","background-repeat":"repeat","background-position":"center center","background-size":"auto","background-attachment":"scroll","background-type":"","background-media":"","overlay-type":"","overlay-color":"","overlay-opacity":"","overlay-gradient":""},"mobile":{"background-color":"var(--ast-global-color-5)","background-image":"","background-repeat":"repeat","background-position":"center center","background-size":"auto","background-attachment":"scroll","background-type":"","background-media":"","overlay-type":"","overlay-color":"","overlay-opacity":"","overlay-gradient":""}},"footnotes":""},"class_list":["post-65","page","type-page","status-publish","has-post-thumbnail","hentry"],"aioseo_notices":[],"spectra_custom_meta":{"_edit_lock":["1625553821:2"],"_edit_last":["2"],"_yoast_wpseo_estimated-reading-time-minutes":["2"],"_thumbnail_id":["19264"],"_wp_page_template":["template-parts\/page-template-full-width.php"],"_yoast_wpseo_content_score":["90"],"_trp_automatically_translated_slug_de_DE":["sommerreifen"],"_trp_automatically_translated_slug_en_GB":["summer-tires"],"_trp_automatically_translated_slug_es_ES":["neumaticos-de-verano"],"_trp_automatically_translated_slug_ru_RU":["%d0%bb%d0%b5%d1%82%d0%bd%d1%8f%d1%8f-%d1%80%d0%b5%d0%b7%d0%b8%d0%bd%d0%b0"],"_trp_automatically_translated_slug_fr_FR":["pneus-dete"],"_trp_automatically_translated_slug_ro_RO":["cauciucuri-de-vara"],"_trp_automatically_translated_slug_pl_PL":["opony-letnie"],"_aioseo_title":["Zomerbanden Nieuwegein | Beste Prijzen | Faay Auto Groep"],"_aioseo_description":["Zomerbanden kopen in Nieuwegein. Topmerken tegen scherpe prijzen. Inclusief montage en balanceren. Boek direct online!"],"_uag_css_file_name":["uag-css-65.css"],"_uag_page_assets":["a:9:{s:3:\"css\";s:10237:\".uag-blocks-common-selector{z-index:var(--z-index-desktop) !important}@media (max-width: 976px){.uag-blocks-common-selector{z-index:var(--z-index-tablet) !important}}@media (max-width: 767px){.uag-blocks-common-selector{z-index:var(--z-index-mobile) !important}}\n.wp-block-uagb-image{display:flex}.wp-block-uagb-image__figure{position:relative;display:flex;flex-direction:column;max-width:100%;height:auto;margin:0}.wp-block-uagb-image__figure img{height:auto;display:flex;max-width:100%;transition:box-shadow 0.2s ease}.wp-block-uagb-image__figure>a{display:inline-block}.wp-block-uagb-image__figure figcaption{text-align:center;margin-top:0.5em;margin-bottom:1em}.wp-block-uagb-image .components-placeholder.block-editor-media-placeholder .components-placeholder__instructions{align-self:center}.wp-block-uagb-image--align-left{text-align:left}.wp-block-uagb-image--align-right{text-align:right}.wp-block-uagb-image--align-center{text-align:center}.wp-block-uagb-image--align-full .wp-block-uagb-image__figure{margin-left:calc(50% - 50vw);margin-right:calc(50% - 50vw);max-width:100vw;width:100vw;height:auto}.wp-block-uagb-image--align-full .wp-block-uagb-image__figure img{height:auto;width:100% !important}.wp-block-uagb-image--align-wide .wp-block-uagb-image__figure img{height:auto;width:100%}.wp-block-uagb-image--layout-overlay__color-wrapper{position:absolute;left:0;top:0;right:0;bottom:0;opacity:0.2;background:rgba(0,0,0,0.5);transition:opacity 0.35s ease-in-out}.wp-block-uagb-image--layout-overlay-link{position:absolute;left:0;right:0;bottom:0;top:0}.wp-block-uagb-image--layout-overlay .wp-block-uagb-image__figure:hover .wp-block-uagb-image--layout-overlay__color-wrapper{opacity:1}.wp-block-uagb-image--layout-overlay__inner{position:absolute;left:15px;right:15px;bottom:15px;top:15px;display:flex;align-items:center;justify-content:center;flex-direction:column;border-color:#fff;transition:0.35s ease-in-out}.wp-block-uagb-image--layout-overlay__inner.top-left,.wp-block-uagb-image--layout-overlay__inner.top-center,.wp-block-uagb-image--layout-overlay__inner.top-right{justify-content:flex-start}.wp-block-uagb-image--layout-overlay__inner.bottom-left,.wp-block-uagb-image--layout-overlay__inner.bottom-center,.wp-block-uagb-image--layout-overlay__inner.bottom-right{justify-content:flex-end}.wp-block-uagb-image--layout-overlay__inner.top-left,.wp-block-uagb-image--layout-overlay__inner.center-left,.wp-block-uagb-image--layout-overlay__inner.bottom-left{align-items:flex-start}.wp-block-uagb-image--layout-overlay__inner.top-right,.wp-block-uagb-image--layout-overlay__inner.center-right,.wp-block-uagb-image--layout-overlay__inner.bottom-right{align-items:flex-end}.wp-block-uagb-image--layout-overlay__inner .uagb-image-heading{color:#fff;transition:transform 0.35s, opacity 0.35s ease-in-out;transform:translate3d(0, 24px, 0);margin:0;line-height:1em}.wp-block-uagb-image--layout-overlay__inner .uagb-image-separator{width:30%;border-top-width:2px;border-top-color:#fff;border-top-style:solid;margin-bottom:10px;opacity:0;transition:transform 0.4s, opacity 0.4s ease-in-out;transform:translate3d(0, 30px, 0)}.wp-block-uagb-image--layout-overlay__inner .uagb-image-caption{opacity:0;overflow:visible;color:#fff;transition:transform 0.45s, opacity 0.45s ease-in-out;transform:translate3d(0, 35px, 0)}.wp-block-uagb-image--layout-overlay__inner:hover .uagb-image-heading,.wp-block-uagb-image--layout-overlay__inner:hover .uagb-image-separator,.wp-block-uagb-image--layout-overlay__inner:hover .uagb-image-caption{opacity:1;transform:translate3d(0, 0, 0)}.wp-block-uagb-image--effect-zoomin .wp-block-uagb-image__figure img,.wp-block-uagb-image--effect-zoomin .wp-block-uagb-image__figure .wp-block-uagb-image--layout-overlay__color-wrapper{transform:scale(1);transition:transform 0.35s ease-in-out}.wp-block-uagb-image--effect-zoomin .wp-block-uagb-image__figure:hover img,.wp-block-uagb-image--effect-zoomin .wp-block-uagb-image__figure:hover .wp-block-uagb-image--layout-overlay__color-wrapper{transform:scale(1.05)}.wp-block-uagb-image--effect-slide .wp-block-uagb-image__figure img,.wp-block-uagb-image--effect-slide .wp-block-uagb-image__figure .wp-block-uagb-image--layout-overlay__color-wrapper{width:calc(100% + 40px) !important;max-width:none !important;transform:translate3d(-40px, 0, 0);transition:transform 0.35s ease-in-out}.wp-block-uagb-image--effect-slide .wp-block-uagb-image__figure:hover img,.wp-block-uagb-image--effect-slide .wp-block-uagb-image__figure:hover .wp-block-uagb-image--layout-overlay__color-wrapper{transform:translate3d(0, 0, 0)}.wp-block-uagb-image--effect-grayscale img{filter:grayscale(0%);transition:0.35s ease-in-out}.wp-block-uagb-image--effect-grayscale:hover img{filter:grayscale(100%)}.wp-block-uagb-image--effect-blur img{filter:blur(0);transition:0.35s ease-in-out}.wp-block-uagb-image--effect-blur:hover img{filter:blur(3px)}\n.uagb-block-1afaa6ec.wp-block-uagb-image{margin-top: 0px;margin-right: 0px;margin-bottom: 0px;margin-left: 0px;}.uagb-block-1afaa6ec.wp-block-uagb-image--layout-default figure img{box-shadow: 0px 0px 0 #00000070;}.uagb-block-1afaa6ec.wp-block-uagb-image .wp-block-uagb-image__figure figcaption{font-style: normal;align-self: center;}.uagb-block-1afaa6ec.wp-block-uagb-image--layout-overlay figure img{box-shadow: 0px 0px 0 #00000070;}.uagb-block-1afaa6ec.wp-block-uagb-image--layout-overlay .wp-block-uagb-image--layout-overlay__color-wrapper{opacity: 0.2;}.uagb-block-1afaa6ec.wp-block-uagb-image--layout-overlay .wp-block-uagb-image--layout-overlay__inner{left: 15px;right: 15px;top: 15px;bottom: 15px;}.uagb-block-1afaa6ec.wp-block-uagb-image--layout-overlay .wp-block-uagb-image--layout-overlay__inner .uagb-image-heading{font-style: normal;color: #fff;opacity: 1;}.uagb-block-1afaa6ec.wp-block-uagb-image--layout-overlay .wp-block-uagb-image--layout-overlay__inner .uagb-image-heading a{color: #fff;}.uagb-block-1afaa6ec.wp-block-uagb-image--layout-overlay .wp-block-uagb-image--layout-overlay__inner .uagb-image-caption{opacity: 0;}.uagb-block-1afaa6ec.wp-block-uagb-image--layout-overlay .wp-block-uagb-image__figure:hover .wp-block-uagb-image--layout-overlay__color-wrapper{opacity: 1;}.uagb-block-1afaa6ec.wp-block-uagb-image .wp-block-uagb-image--layout-overlay__inner .uagb-image-separator{width: 30%;border-top-width: 2px;border-top-color: #fff;opacity: 0;}.uagb-block-1afaa6ec.wp-block-uagb-image .wp-block-uagb-image__figure img{width: 1024px;height: auto;}.uagb-block-1afaa6ec.wp-block-uagb-image .wp-block-uagb-image__figure:hover .wp-block-uagb-image--layout-overlay__inner .uagb-image-caption{opacity: 1;}.uagb-block-1afaa6ec.wp-block-uagb-image .wp-block-uagb-image__figure:hover .wp-block-uagb-image--layout-overlay__inner .uagb-image-separator{opacity: 1;}.uagb-block-1afaa6ec.wp-block-uagb-image--layout-default figure:hover img{box-shadow: 0px 0px 0 #00000070;}.uagb-block-1afaa6ec.wp-block-uagb-image--layout-overlay figure:hover img{box-shadow: 0px 0px 0 #00000070;}@media only screen and (max-width: 976px) {.uagb-block-1afaa6ec.wp-block-uagb-image .wp-block-uagb-image__figure img{width: 1024px;height: auto;}}@media only screen and (max-width: 767px) {.uagb-block-1afaa6ec.wp-block-uagb-image .wp-block-uagb-image__figure img{width: 1024px;height: auto;}}.wp-block-uagb-advanced-heading h1,.wp-block-uagb-advanced-heading h2,.wp-block-uagb-advanced-heading h3,.wp-block-uagb-advanced-heading h4,.wp-block-uagb-advanced-heading h5,.wp-block-uagb-advanced-heading h6,.wp-block-uagb-advanced-heading p,.wp-block-uagb-advanced-heading div{word-break:break-word}.wp-block-uagb-advanced-heading .uagb-heading-text{margin:0}.wp-block-uagb-advanced-heading .uagb-desc-text{margin:0}.wp-block-uagb-advanced-heading .uagb-separator{font-size:0;border-top-style:solid;display:inline-block;margin:0 0 10px 0}.wp-block-uagb-advanced-heading .uagb-highlight{color:#f78a0c;border:0;transition:all 0.3s ease}.uag-highlight-toolbar{border-left:0;border-top:0;border-bottom:0;border-radius:0;border-right-color:#1e1e1e}.uag-highlight-toolbar .components-button{border-radius:0;outline:none}.uag-highlight-toolbar .components-button.is-primary{color:#fff}\n.wp-block-uagb-advanced-heading.uagb-block-eb913f20.wp-block-uagb-advanced-heading .uagb-heading-text{color: #ffffff;}.wp-block-uagb-advanced-heading.uagb-block-eb913f20.wp-block-uagb-advanced-heading {margin-top: -29px;margin-right: 0px;margin-bottom: 0px;margin-left: 0px;padding-top: 0px;padding-right: 0px;padding-bottom: 0px;padding-left: 0px;}.wp-block-uagb-advanced-heading.uagb-block-eb913f20.wp-block-uagb-advanced-heading .uagb-desc-text{margin-bottom: 15px;}.wp-block-uagb-advanced-heading.uagb-block-eb913f20.wp-block-uagb-advanced-heading .uagb-highlight{font-style: normal;font-weight: Default;background: #007cba;color: #fff;-webkit-text-fill-color: #fff;}.wp-block-uagb-advanced-heading.uagb-block-eb913f20.wp-block-uagb-advanced-heading .uagb-highlight::-moz-selection{color: #fff;background: #007cba;-webkit-text-fill-color: #fff;}.wp-block-uagb-advanced-heading.uagb-block-eb913f20.wp-block-uagb-advanced-heading .uagb-highlight::selection{color: #fff;background: #007cba;-webkit-text-fill-color: #fff;}.wp-block-uagb-advanced-heading.uagb-block-97eb29cd.wp-block-uagb-advanced-heading .uagb-heading-text{color: var(--ast-global-color-5);}.wp-block-uagb-advanced-heading.uagb-block-97eb29cd.wp-block-uagb-advanced-heading a{color: var(--ast-global-color-5);}.wp-block-uagb-advanced-heading.uagb-block-97eb29cd.wp-block-uagb-advanced-heading .uagb-desc-text{margin-bottom: 15px;}.wp-block-uagb-advanced-heading.uagb-block-97eb29cd.wp-block-uagb-advanced-heading .uagb-highlight{font-style: normal;font-weight: Default;background: #007cba;color: #fff;-webkit-text-fill-color: #fff;}.wp-block-uagb-advanced-heading.uagb-block-97eb29cd.wp-block-uagb-advanced-heading .uagb-highlight::-moz-selection{color: #fff;background: #007cba;-webkit-text-fill-color: #fff;}.wp-block-uagb-advanced-heading.uagb-block-97eb29cd.wp-block-uagb-advanced-heading .uagb-highlight::selection{color: #fff;background: #007cba;-webkit-text-fill-color: #fff;}.wp-block-uagb-advanced-heading.uagb-block-97eb29cd .uagb-heading-text{font-weight: 400;font-size: 22px;margin-bottom: 22px;}\";s:2:\"js\";s:0:\"\";s:18:\"current_block_list\";a:12:{i:0;s:12:\"core\/heading\";i:1;s:14:\"core\/paragraph\";i:2;s:12:\"core\/buttons\";i:3;s:11:\"core\/button\";i:4;s:11:\"core\/search\";i:5;s:10:\"core\/group\";i:6;s:17:\"core\/latest-posts\";i:7;s:20:\"core\/latest-comments\";i:8;s:13:\"core\/archives\";i:9;s:15:\"core\/categories\";i:10;s:10:\"uagb\/image\";i:11;s:21:\"uagb\/advanced-heading\";}s:8:\"uag_flag\";b:1;s:11:\"uag_version\";s:10:\"1776436543\";s:6:\"gfonts\";a:0:{}s:10:\"gfonts_url\";s:0:\"\";s:12:\"gfonts_files\";a:0:{}s:14:\"uag_faq_layout\";b:0;}"]},"uagb_featured_image_src":{"full":["https:\/\/www.faayautogroep.nl\/wp-content\/uploads\/2021\/03\/volkswagen-golf-dark-light-1-1-e1616140636642.png",1600,352,false],"thumbnail":["https:\/\/www.faayautogroep.nl\/wp-content\/uploads\/2021\/03\/volkswagen-golf-dark-light-1-1-e1616140636642-150x150.png",150,150,true],"medium":["https:\/\/www.faayautogroep.nl\/wp-content\/uploads\/2021\/03\/volkswagen-golf-dark-light-1-1-e1616140636642-300x66.png",300,66,true],"medium_large":["https:\/\/www.faayautogroep.nl\/wp-content\/uploads\/2021\/03\/volkswagen-golf-dark-light-1-1-e1616140636642-768x169.png",768,169,true],"large":["https:\/\/www.faayautogroep.nl\/wp-content\/uploads\/2021\/03\/volkswagen-golf-dark-light-1-1-e1616140636642-1024x225.png",1024,225,true],"1536x1536":["https:\/\/www.faayautogroep.nl\/wp-content\/uploads\/2021\/03\/volkswagen-golf-dark-light-1-1-e1616140636642-1536x338.png",1536,338,true],"2048x2048":["https:\/\/www.faayautogroep.nl\/wp-content\/uploads\/2021\/03\/volkswagen-golf-dark-light-1-1-e1616140636642.png",1600,352,false],"trp-custom-language-flag":["https:\/\/www.faayautogroep.nl\/wp-content\/uploads\/2021\/03\/volkswagen-golf-dark-light-1-1-e1616140636642.png",18,4,false]},"uagb_author_info":{"display_name":"admin","author_link":"https:\/\/www.faayautogroep.nl\/es\/author\/admin\/"},"uagb_comment_info":0,"uagb_excerpt":"Wat is een zomerband? Een zomerband wordt geplaatst als de temperaturen beginnen op te lopen, meestal in maart of april. Het begin van de lente dus. Een zomerband heeft in tegenstelling tot winterbanden geen lamellen, maar brede sleuven. Dat zorgt ervoor dat je optimaal en veilig door blijft rijden in zomerse omstandigheden. Tijd voor zomerbanden&hellip;","_links":{"self":[{"href":"https:\/\/www.faayautogroep.nl\/es\/wp-json\/wp\/v2\/pages\/65","targetHints":{"allow":["GET"]}}],"collection":[{"href":"https:\/\/www.faayautogroep.nl\/es\/wp-json\/wp\/v2\/pages"}],"about":[{"href":"https:\/\/www.faayautogroep.nl\/es\/wp-json\/wp\/v2\/types\/page"}],"author":[{"embeddable":true,"href":"https:\/\/www.faayautogroep.nl\/es\/wp-json\/wp\/v2\/users\/1"}],"replies":[{"embeddable":true,"href":"https:\/\/www.faayautogroep.nl\/es\/wp-json\/wp\/v2\/comments?post=65"}],"version-history":[{"count":0,"href":"https:\/\/www.faayautogroep.nl\/es\/wp-json\/wp\/v2\/pages\/65\/revisions"}],"up":[{"embeddable":true,"href":"https:\/\/www.faayautogroep.nl\/es\/wp-json\/wp\/v2\/pages\/41"}],"wp:featuredmedia":[{"embeddable":true,"href":"https:\/\/www.faayautogroep.nl\/es\/wp-json\/wp\/v2\/media\/19264"}],"wp:attachment":[{"href":"https:\/\/www.faayautogroep.nl\/es\/wp-json\/wp\/v2\/media?parent=65"}],"curies":[{"name":"gracias","href":"https:\/\/api.w.org\/{rel}","templated":true}]}}